{"id":5390,"date":"2024-05-14T08:41:13","date_gmt":"2024-05-14T06:41:13","guid":{"rendered":"https:\/\/yetiz.dev.yetiz.pl\/polityka-prywatnosci\/"},"modified":"2025-01-10T03:08:30","modified_gmt":"2025-01-10T02:08:30","slug":"privacy-policy","status":"publish","type":"page","link":"https:\/\/yetiz.dev.yetiz.pl\/en\/privacy-policy\/","title":{"rendered":"Privacy Policy"},"content":{"rendered":"\n<div id=\"\" class=\"text-block  \" style=\"\">\n    <div class=\"container-fluid\">\n        <div class=\"row align-items-center\">\n            <div class=\"col-md-12 content-container ms-auto me-auto\" data-aos=\"fade-in\" data-aos-duration=\"2000\" data-aos-delay=\"200\">\n                <h1><strong>Privacy Policy<\/strong><\/h1>\n<h5><strong>Rules for Processing Personal Data<br \/>\n<\/strong><\/h5>\n            <\/div>\n        <\/div>\n    <\/div>\n<\/div>\n\n\n<div id=\"\" class=\"text-block  \" style=\"\">\n    <div class=\"container-fluid\">\n        <div class=\"row align-items-center\">\n            <div class=\"col-md-12 content-container ms-auto me-auto\" data-aos=\"fade-in\" data-aos-duration=\"2000\" data-aos-delay=\"200\">\n                <div class=\"elementor-element elementor-element-b4e2fa1 elementor-widget elementor-widget-text-editor\" data-id=\"b4e2fa1\" data-element_type=\"widget\" data-widget_type=\"text-editor.default\">\n<div class=\"elementor-widget-container\">\n<p>Security and confidentiality of your data is our priority. We assure you that we have always made and will continue to make every effort to ensure the protection of your data by implementing appropriate technical and organizational security measures, including ensuring appropriate protection when designing new services and solutions.<\/p>\n<p>This regulation serves to inform customers and interested parties about the purpose, scope, and categories of processing their personal data, the duration of data processing, and their rights under the applicable Regulation of the European Parliament and of the Council (EU) 2016\/679 of April 27, 2016, on the protection of individuals with regard to the processing of personal data and on the free movement of such data, and repealing Directive 95\/46\/EC (referred to as GDPR).<\/p>\n<\/div>\n<\/div>\n<div class=\"elementor-element elementor-element-f031cc3 elementor-widget elementor-widget-heading\" data-id=\"f031cc3\" data-element_type=\"widget\" data-widget_type=\"heading.default\">\n<div class=\"elementor-widget-container\">\n<h2 class=\"elementor-heading-title elementor-size-default\">DATA ADMINISTRATOR<\/h2>\n<\/div>\n<\/div>\n<div class=\"elementor-element elementor-element-4f30502 elementor-widget elementor-widget-text-editor\" data-id=\"4f30502\" data-element_type=\"widget\" data-widget_type=\"text-editor.default\">\n<div class=\"elementor-widget-container\">\n<p>The Data Controller of Your Data is Yetiz Interactive Sp. z o.o., with its registered office in Gda\u0144sk, 80-864 Gda\u0144sk, Pl. Porozumienia Gda\u0144skiego 1 lok. 119, registered in the National Court Register under the number KRS 0000221792, kept by the District Court Gda\u0144sk-P\u00f3\u0142noc in Gda\u0144sk, VII Commercial Division, NIP: 8512892922, REGON: 812725217, with the Management Board consisting of Piotr Roc\u0142awski and Anna Owczarczak. As the Data Controller, we are responsible for ensuring the security of Your personal data and their use in accordance with applicable law. For any additional information, you can contact us at biuro@yetiz.pl or by mail at the address provided as the company\u2019s registered office.<\/p>\n<\/div>\n<\/div>\n<div class=\"elementor-element elementor-element-6baa3fb elementor-widget elementor-widget-heading\" data-id=\"6baa3fb\" data-element_type=\"widget\" data-widget_type=\"heading.default\">\n<div class=\"elementor-widget-container\">\n<h2 class=\"elementor-heading-title elementor-size-default\">DATA SAFETY<\/h2>\n<\/div>\n<\/div>\n<div class=\"elementor-element elementor-element-ced86cd elementor-widget elementor-widget-text-editor\" data-id=\"ced86cd\" data-element_type=\"widget\" data-widget_type=\"text-editor.default\">\n<div class=\"elementor-widget-container\">\n<p>In order to ensure the security of Your data, we have conducted a\u00a0Data Protection Impact Assessment, taking into account the risks associated with their processing, as well as a\u00a0risk analysis for the security measures we employ. Currently, we implement high-quality, proven preventive security measures and monitoring mechanisms to track the processing methods, flows, and access to the information we possess, in order to guarantee that data processing is not only compliant with the law but also with the best practices in data security and IT systems. Your data stored in our resources are not transferred outside the European Economic Area (EEA).<\/p>\n<p>80-244 Gda\u0144sk, ul. Grunwaldzka 103, registered in the National Court Register under the number KRS 0000221792, kept by the District Court Gda\u0144sk-P\u00f3\u0142noc in Gda\u0144sk, VII Commercial Division, NIP: 8512892922, REGON: 812725217, with the Management Board consisting of Piotr Roc\u0142awski and Anna Owczarczak. As the Data Controller, we are responsible for ensuring the security of Your personal data and their use in accordance with applicable law. For any additional information, you can contact us at biuro@yetiz.pl or by mail at the address provided as the company\u2019s registered office.<\/p>\n<\/div>\n<\/div>\n<div class=\"elementor-element elementor-element-7118ca7 elementor-widget elementor-widget-heading\" data-id=\"7118ca7\" data-element_type=\"widget\" data-widget_type=\"heading.default\">\n<div class=\"elementor-widget-container\">\n<h2 class=\"elementor-heading-title elementor-size-default\">CATEGORIES OF PERSONAL DATA COLLECTED<\/h2>\n<\/div>\n<\/div>\n<div class=\"elementor-element elementor-element-ae83d97 elementor-widget elementor-widget-text-editor\" data-id=\"ae83d97\" data-element_type=\"widget\" data-widget_type=\"text-editor.default\">\n<div class=\"elementor-widget-container\">\n<p>The categories of personal data processed by us include personal data obtained directly from data subjects (or provided to us on their behalf) or personal data collected from publicly available sources, in particular: name, email address, contact phone number, postal address. Currently, in connection with our business activities, we inform that we process (or may process) personal data in the following processes:<br \/>\n\u2022 Personal data of our customers and persons designated for contact: Processing of data is required to provide all our services at the highest level, based on and within the scope of contracts or orders concluded with our customers. Refusal to provide this data makes it impossible to conclude contracts or accept orders. All information concerning specific individuals or clients will be processed for the duration of the contract and for five years after its expiration (Article 6(1)(b) of the GDPR).<br \/>\n\u2022 Personal data of persons interested in cooperation with us: Data processing is voluntary but necessary to establish cooperation with new customers, at the request of persons interested in our offer, exclusively for the duration of negotiations and commercial discussions. All data in this regard are processed only with your consent and to the extent provided by you (Article 6(1)(a) of the GDPR).<br \/>\n\u2022 Personal data of our subcontractors and persons designated for cooperation: Processing of data is necessary to provide services in accordance with applicable law and for proper cooperation with subcontractors. Refusal to provide data prevents the achievement of these objectives. All information concerning specific individuals or clients will be processed for the duration of the contract and for ten years after its expiration, but not shorter than required by applicable law (if applicable) (Article 6(1)(b) of the GDPR).<br \/>\n\u2022 Data used for newsletters and marketing: Data processing is voluntary. You receive newsletter information from us only if you have consented to receive it by subscribing to the list. We will process personal data for marketing and informational purposes until you withdraw your consent (Article 6(1)(a) of the GDPR).<br \/>\n\u2022 Information about contractors: Data processing is necessary to fulfill legal obligations, such as accounting regulations, and these provisions are the basis for processing data by us for a\u00a0period of six years (in accordance with the current legal framework, five full years). Refusal to provide data prevents the conclusion of a\u00a0contract (Article 6(1)(c) of the GDPR).<br \/>\n\u2022 Information about our employees and job applicants. Data processing is necessary to fulfill legal obligations, such as labor code regulations, and these provisions are the basis for processing data by us for the period required by law. Refusal to provide data prevents the conclusion of a\u00a0contract (Article 6(1)(c) of the GDPR). Data regarding job applicants are obtained through consents given to us and are processed for the duration of the recruitment process. However, in the event that you consent to future recruitment needs, we may retain them for a\u00a0period of one year (Article 6(1)(a) of the GDPR).<br \/>\n\u2022 Monitoring: Data from video monitoring is processed to protect individuals and property, considering it as our legitimate purpose. All data collected in this way are stored for a\u00a0period of one month (Article 6(1)(f) of the GDPR).<br \/>\n\u2022 Email or form contact: Data processing is required to enable the provision of services, in the event of responding to our customers and contractors\u2019 questions asked via email, SMS, and telephone. Providing personal data is voluntary (Article 6(1)(a) of the GDPR).<\/p>\n<\/div>\n<\/div>\n<div class=\"elementor-element elementor-element-8fb3e99 elementor-widget elementor-widget-heading\" data-id=\"8fb3e99\" data-element_type=\"widget\" data-widget_type=\"heading.default\">\n<div class=\"elementor-widget-container\">\n<h2 class=\"elementor-heading-title elementor-size-default\">COOKIES USE POLICY<\/h2>\n<\/div>\n<\/div>\n<div class=\"elementor-element elementor-element-aa0b207 elementor-widget elementor-widget-text-editor\" data-id=\"aa0b207\" data-element_type=\"widget\" data-widget_type=\"text-editor.default\">\n<div class=\"elementor-widget-container\">\n<p>The Administrator\u2019s website uses so-called cookies (special files originating from a\u00a0given website and recorded and stored by a\u00a0specific internet browser), which are then saved, for example, on the user\u2019s hard drive or device memory. This type of file is used, among other things, to facilitate navigation on the website managed by the Administrator, and may also serve to better remember certain user preferences within our service. We inform you that it is possible to delete these files from the hard drive or block their storage. The method of making such changes depends on the internet browser used, and changes can be implemented by appropriately configuring the browser settings or the device used. Failure to change the settings mentioned above is interpreted as the user\u2019s consent to accept cookies. However, it should be remembered that blocking the storage of cookies may make it difficult or completely impossible to use selected functions of the service. In its service, the Administrator uses cookie technology to record information about user behavior. The collected data is subject to profiling and is used for purposes such as creating personalized advertising by the Administrator or preparing demographic reports. The Administrator uses, among other tools, Google Analytics to track traffic on the Yetiz website for this purpose.<\/p>\n<\/div>\n<\/div>\n<div class=\"elementor-element elementor-element-26bdecc elementor-widget elementor-widget-heading\" data-id=\"26bdecc\" data-element_type=\"widget\" data-widget_type=\"heading.default\">\n<div class=\"elementor-widget-container\">\n<h2 class=\"elementor-heading-title elementor-size-default\">POLICY REGARDING THE USE OF PROFILING<\/h2>\n<\/div>\n<\/div>\n<div class=\"elementor-element elementor-element-c951849 elementor-widget elementor-widget-text-editor\" data-id=\"c951849\" data-element_type=\"widget\" data-widget_type=\"text-editor.default\">\n<div class=\"elementor-widget-container\">\n<p>\u2022 The Administrator informs that they may use profiling for marketing purposes, but decisions made based on it by the Administrator do\u00a0not concern the conclusion or refusal to conclude a\u00a0contract or the execution of an order.<br \/>\n\u2022 The result of using profiling on the Website may include, for example, granting a\u00a0discount or sending purchase proposals that may correspond to the preferences of a\u00a0particular person. In each case, it is up to the individual to decide whether they want to take advantage of the proposals received.<\/p>\n<\/div>\n<\/div>\n<div class=\"elementor-element elementor-element-40b8fe5 elementor-widget elementor-widget-heading\" data-id=\"40b8fe5\" data-element_type=\"widget\" data-widget_type=\"heading.default\">\n<div class=\"elementor-widget-container\">\n<h2 class=\"elementor-heading-title elementor-size-default\">SHARING PERSONAL INFORMATION<\/h2>\n<\/div>\n<\/div>\n<div class=\"elementor-element elementor-element-c3ef26f elementor-widget elementor-widget-text-editor\" data-id=\"c3ef26f\" data-element_type=\"widget\" data-widget_type=\"text-editor.default\">\n<div class=\"elementor-widget-container\">\n<p>Personal data may be transferred to the following categories of recipients:<br \/>\n\u2022 authorized employees and associates of the administrator, as well as entities processing personal data on behalf of the administrator, including IT service providers, accounting and legal firms, advisory firms \u2013 only based on an appropriate agreement;<br \/>\n\u2022 couriers, carriers, shipping companies participating in the shipping process \u2013 to the extent necessary to fulfill the order for the Customer;<br \/>\n\u2022 entities providing technical or organizational support and entities authorized under the law.<\/p>\n<p>In each of the cases mentioned, we strive to ensure that the data we hold is up-to-date and correct, and considering your privacy, we minimize all personal data to the extent necessary for their proper processing.<\/p>\n<\/div>\n<\/div>\n<div class=\"elementor-element elementor-element-e6bfb6b elementor-widget elementor-widget-heading\" data-id=\"e6bfb6b\" data-element_type=\"widget\" data-widget_type=\"heading.default\">\n<div class=\"elementor-widget-container\">\n<h2 class=\"elementor-heading-title elementor-size-default\">RIGHTS OF PERSONS IN REGARD TO PERSONAL DATA<\/h2>\n<\/div>\n<\/div>\n<div class=\"elementor-element elementor-element-3f23ba4 elementor-widget elementor-widget-text-editor\" data-id=\"3f23ba4\" data-element_type=\"widget\" data-widget_type=\"text-editor.default\">\n<div class=\"elementor-widget-container\">\n<p>At each stage of processing your data, you have the right to:<\/p>\n<p>\u2022 access your data, including obtaining information about the scope of the data processed by us and obtaining a\u00a0copy of this data;<br \/>\n\u2022 modify and correct your data, including if there are no other legal contraindications to limit their processing scope;<br \/>\n\u2022 completely delete your data (\u201eright to be forgotten\u201d), provided there are no other legal contraindications;<br \/>\n\u2022 not be subject to automated decisions based on profiling;<br \/>\n\u2022 object to the improper processing of personal data (including withdrawing consent at any time without affecting the lawfulness of processing carried out based on consent before its withdrawal);<br \/>\n\u2022 data portability to another Data Controller if the data is processed based on consent or a\u00a0contract;<br \/>\n\u2022 file a\u00a0complaint. A\u00a0complaint regarding the processing of personal data can be submitted to the supervisory authority responsible for personal data protection. In the Republic of Poland, the supervisory authority is the President of the Office for Personal Data Protection.<\/p>\n<p>To ensure proper handling of your inquiries and maintain due diligence during their handling, you can submit a\u00a0request to exercise your rights by sending correspondence to biuro@yetiz.pl. Each request submitted by you is considered individually and in relation to the applicable legal provisions. Please note that the possibility of exercising a\u00a0specific right may depend on the legal basis used for the specific purpose of processing your data, for example, whether data processing is not dependent on the performance of a\u00a0contract or service. Your requests will be processed without undue delay, within a\u00a0maximum period of one month from their receipt; however, it is possible that due to the nature of the request, we will not be able to meet this deadline. In such a\u00a0situation, you will be notified of the delay and its reasons. Similarly, if such circumstances arise, we will inform you of the reasons for refusing to accept and process the request. Please note that the first request is processed free of charge; however, in situations where your requests are unfounded or excessive, we reserve the right to charge a\u00a0fee for providing information again. You will be promptly informed of the amount of the fee or any other reasons why we are unable to process your request. Additionally, to ensure the security of the transmitted information, if we are unable to properly identify you as an authorized person to receive the data, we reserve the right to change the method of delivering the information, of which you will be informed. In the case of exercising the right to data portability, the Data Controller will directly transfer this data to another Data Controller if there is a\u00a0technical possibility. The person requesting the exercise of this right will be informed of the decision regarding the possibility of transfer.<\/p>\n<\/div>\n<\/div>\n<div class=\"elementor-element elementor-element-69347c9 elementor-widget elementor-widget-heading\" data-id=\"69347c9\" data-element_type=\"widget\" data-widget_type=\"heading.default\">\n<div class=\"elementor-widget-container\">\n<h2 class=\"elementor-heading-title elementor-size-default\">Additional information<\/h2>\n<\/div>\n<\/div>\n<div class=\"elementor-element elementor-element-92c2926 elementor-widget elementor-widget-text-editor\" data-id=\"92c2926\" data-element_type=\"widget\" data-widget_type=\"text-editor.default\">\n<div class=\"elementor-widget-container\">\n<div id=\"primary\" class=\"content-area\">\n<div class=\"container-fluid\">\n<div class=\"row\">\n<div class=\"col-md-12\">\n<article id=\"post-3\" class=\"post-3 page type-page status-publish hentry\">\n<div class=\"entry-content\">\n<p>These Regulations are effective from May 25, 2018, until further notice, and fulfill the legal obligation resulting from Articles 13-14 of the GDPR. We reserve the right to make changes to the existing rules, always with the aim of improving the quality of services provided by us and in respect for your rights and privacy.<\/p>\n<\/div>\n<\/article>\n<\/div>\n<\/div>\n<\/div>\n<\/div>\n<\/div>\n<\/div>\n            <\/div>\n        <\/div>\n    <\/div>\n<\/div>","protected":false},"excerpt":{"rendered":"","protected":false},"author":1,"featured_media":0,"parent":0,"menu_order":0,"comment_status":"closed","ping_status":"open","template":"","meta":{"_acf_changed":false,"footnotes":""},"class_list":["post-5390","page","type-page","status-publish","hentry"],"acf":[],"_links":{"self":[{"href":"https:\/\/yetiz.dev.yetiz.pl\/en\/wp-json\/wp\/v2\/pages\/5390","targetHints":{"allow":["GET"]}}],"collection":[{"href":"https:\/\/yetiz.dev.yetiz.pl\/en\/wp-json\/wp\/v2\/pages"}],"about":[{"href":"https:\/\/yetiz.dev.yetiz.pl\/en\/wp-json\/wp\/v2\/types\/page"}],"author":[{"embeddable":true,"href":"https:\/\/yetiz.dev.yetiz.pl\/en\/wp-json\/wp\/v2\/users\/1"}],"replies":[{"embeddable":true,"href":"https:\/\/yetiz.dev.yetiz.pl\/en\/wp-json\/wp\/v2\/comments?post=5390"}],"version-history":[{"count":3,"href":"https:\/\/yetiz.dev.yetiz.pl\/en\/wp-json\/wp\/v2\/pages\/5390\/revisions"}],"predecessor-version":[{"id":5866,"href":"https:\/\/yetiz.dev.yetiz.pl\/en\/wp-json\/wp\/v2\/pages\/5390\/revisions\/5866"}],"wp:attachment":[{"href":"https:\/\/yetiz.dev.yetiz.pl\/en\/wp-json\/wp\/v2\/media?parent=5390"}],"curies":[{"name":"wp","href":"https:\/\/api.w.org\/{rel}","templated":true}]}}