{"id":5389,"date":"2024-05-14T08:41:13","date_gmt":"2024-05-14T06:41:13","guid":{"rendered":"https:\/\/yetiz.dev.yetiz.pl\/polityka-prywatnosci\/"},"modified":"2025-01-10T03:09:18","modified_gmt":"2025-01-10T02:09:18","slug":"privacy-beleid","status":"publish","type":"page","link":"https:\/\/yetiz.dev.yetiz.pl\/nl\/privacy-beleid\/","title":{"rendered":"PRIVACY BELEID"},"content":{"rendered":"\n<div id=\"\" class=\"text-block  \" style=\"\">\n    <div class=\"container-fluid\">\n        <div class=\"row align-items-center\">\n            <div class=\"col-md-12 content-container ms-auto me-auto\" data-aos=\"fade-in\" data-aos-duration=\"2000\" data-aos-delay=\"200\">\n                <h1><strong>PRIVACY BELEID<\/strong><\/h1>\n<h5><strong>Regels voor de verwerking van persoonsgegevens<br \/>\n<\/strong><\/h5>\n            <\/div>\n        <\/div>\n    <\/div>\n<\/div>\n\n\n<div id=\"\" class=\"text-block  \" style=\"\">\n    <div class=\"container-fluid\">\n        <div class=\"row align-items-center\">\n            <div class=\"col-md-12 content-container ms-auto me-auto\" data-aos=\"fade-in\" data-aos-duration=\"2000\" data-aos-delay=\"200\">\n                <div class=\"elementor-element elementor-element-b4e2fa1 elementor-widget elementor-widget-text-editor\" data-id=\"b4e2fa1\" data-element_type=\"widget\" data-widget_type=\"text-editor.default\">\n<div class=\"elementor-widget-container\">\n<p>Beveiliging en vertrouwelijkheid van uw gegevens hebben bij ons de hoogste prioriteit. Wij verzekeren u\u00a0dat we altijd en voortdurend alle nodige inspanningen leveren om de bescherming van uw gegevens te waarborgen, door het gebruik van geschikte technische en organisatorische beveiligingsmaatregelen, waaronder passende bescherming bij het ontwerpen van nieuwe diensten en oplossingen.<\/p>\n<p>Dit reglement dient ter informatie voor klanten en betrokken partijen over het doel, de reikwijdte en de categorie\u00ebn van de verwerking van hun persoonsgegevens, de verwerkingstijd van gegevens, evenals hun rechten, in overeenstemming met de van kracht zijnde Verordening (EU) 2016\/679 van het Europees Parlement en de Raad van 27 april 2016 betreffende de bescherming van natuurlijke personen in verband met de verwerking van persoonsgegevens en betreffende het vrije verkeer van die gegevens en tot intrekking van Richtlijn 95\/46\/EG (AVG).<\/p>\n<\/div>\n<\/div>\n<div class=\"elementor-element elementor-element-f031cc3 elementor-widget elementor-widget-heading\" data-id=\"f031cc3\" data-element_type=\"widget\" data-widget_type=\"heading.default\">\n<div class=\"elementor-widget-container\">\n<h2 class=\"elementor-heading-title elementor-size-default\">GEGEVENSBEHEERDER<\/h2>\n<\/div>\n<\/div>\n<div class=\"elementor-element elementor-element-4f30502 elementor-widget elementor-widget-text-editor\" data-id=\"4f30502\" data-element_type=\"widget\" data-widget_type=\"text-editor.default\">\n<div class=\"elementor-widget-container\">\n<p>De beheerder van uw gegevens is Yetiz Interactive Sp. z o.o., gevestigd in Gda\u0144sk, 880-864 Gda\u0144sk, Pl. Porozumienia Gda\u0144skiego 1 lok. 119, geregistreerd in het register van ondernemingen van het Nationaal Gerechtelijk Register onder het nummer KRS 0000221792, bijgehouden door de Rechtbank Gda\u0144sk-P\u00f3\u0142noc in Gda\u0144sk, Zevende Economische Afdeling, NIP: 8512892922, REGON: 812725217, en het Bestuur bestaat uit Piotr Roc\u0142awski en Anna Owczarczak. Als Gegevensbeheerder zijn we verantwoordelijk voor het waarborgen van de veiligheid van uw persoonsgegevens en het gebruik ervan in overeenstemming met de geldende wettelijke bepalingen. Voor eventuele aanvullende informatie kunt u contact opnemen via biuro@yetiz.pl of per post op het adres vermeld als het adres van de maatschappelijke zetel.<\/p>\n<\/div>\n<\/div>\n<div class=\"elementor-element elementor-element-6baa3fb elementor-widget elementor-widget-heading\" data-id=\"6baa3fb\" data-element_type=\"widget\" data-widget_type=\"heading.default\">\n<div class=\"elementor-widget-container\">\n<h2 class=\"elementor-heading-title elementor-size-default\">GEGEVENSVEILIGHEID<\/h2>\n<\/div>\n<\/div>\n<div class=\"elementor-element elementor-element-ced86cd elementor-widget elementor-widget-text-editor\" data-id=\"ced86cd\" data-element_type=\"widget\" data-widget_type=\"text-editor.default\">\n<div class=\"elementor-widget-container\">\n<p>Om de veiligheid van uw gegevens te waarborgen, hebben we een Data Protection Impact Assessment uitgevoerd waarbij rekening is gehouden met de risico\u2019s van de gegevensverwerking en een risicoanalyse voor de door ons gebruikte beveiligingsmaatregelen. Momenteel maken we gebruik van hoogwaardige, bewezen preventieve beveiligingen en monitoringmechanismen voor de verwerking, stromen en toegang tot de informatie die we hebben, om ervoor te zorgen dat de gegevensverwerking niet alleen in overeenstemming is met de wet, maar ook in overeenstemming is met de beste praktijken op het gebied van gegevensbescherming en IT-systemen. Uw gegevens die in onze systemen worden bewaard, worden niet buiten de Europese Economische Ruimte (EER) doorgegeven.<\/p>\n<p>Yetiz Interactive Sp. z\u00a0o.o., met maatschappelijke zetel in Gda\u0144sk, 80-244 Gda\u0144sk, ul. Grunwaldzka 103, geregistreerd in het register van ondernemingen van het Nationaal Gerechtelijk Register onder het nummer KRS 0000221792, bijgehouden door de Rechtbank Gda\u0144sk-P\u00f3\u0142noc in Gda\u0144sk, Zevende Economische Afdeling, NIP: 8512892922, REGON: 812725217, en het Bestuur bestaat uit Piotr Roc\u0142awski en Anna Owczarczak. Als Gegevensbeheerder zijn we verantwoordelijk voor het waarborgen van de veiligheid van uw persoonsgegevens en het gebruik ervan in overeenstemming met de geldende wettelijke bepalingen. Voor eventuele aanvullende informatie kunt u\u00a0contact opnemen via biuro@yetiz.pl of per post op het adres vermeld als het adres van de maatschappelijke zetel.<\/p>\n<\/div>\n<\/div>\n<div class=\"elementor-element elementor-element-7118ca7 elementor-widget elementor-widget-heading\" data-id=\"7118ca7\" data-element_type=\"widget\" data-widget_type=\"heading.default\">\n<div class=\"elementor-widget-container\">\n<h2 class=\"elementor-heading-title elementor-size-default\">CATEGORIE\u00cbN VAN VERZAMELDE PERSOONLIJKE GEGEVENS<\/h2>\n<\/div>\n<\/div>\n<div class=\"elementor-element elementor-element-ae83d97 elementor-widget elementor-widget-text-editor\" data-id=\"ae83d97\" data-element_type=\"widget\" data-widget_type=\"text-editor.default\">\n<div class=\"elementor-widget-container\">\n<p>De categorie\u00ebn persoonsgegevens die door ons worden verwerkt, omvatten persoonlijke gegevens die rechtstreeks afkomstig zijn van betrokken personen (of aan ons zijn verstrekt namens hen), of persoonsgegevens die zijn verzameld uit openbaar toegankelijke bronnen, met name: naam, e-mailadres, contacttelefoonnummer, correspondentieadres. Momenteel, in verband met onze activiteiten, informeren wij u\u00a0dat wij persoonsgegevens verwerken (of kunnen verwerken) in de volgende processen:<\/p>\n<p>\u2013 Persoonsgegevens van onze klanten en contactpersonen: de verwerking van gegevens is vereist om al onze diensten op het hoogste niveau te leveren, op basis van en binnen de reikwijdte van de overeenkomsten of opdrachten die we hebben gesloten met onze klanten. Het weigeren om deze gegevens te verstrekken maakt het sluiten van overeenkomsten of het aannemen van opdrachten onmogelijk. Alle informatie met betrekking tot specifieke personen of klanten zal worden verwerkt gedurende de looptijd van de overeenkomst en vijf jaar na\u00a0het verstrijken ervan (art. 6 lid 1 lit. b AVG).<\/p>\n<p>\u2013 Gegevens van personen die ge\u00efnteresseerd zijn in samenwerking met ons: de verwerking van gegevens is vrijwillig, maar noodzakelijk om samenwerking met nieuwe klanten aan te gaan, op verzoek van personen die ge\u00efnteresseerd zijn in ons aanbod, uitsluitend gedurende de onderhandelings- en handelsgesprekken. Alle gegevens in dit verband hebben we alleen met uw toestemming en binnen het door u\u00a0verstrekte kader (art. 6 lid 1 lit. a\u00a0AVG).<\/p>\n<p>\u2013 Persoonsgegevens van onze onderaannemers en samenwerkingspartners: de verwerking van gegevens is noodzakelijk om diensten te kunnen verlenen in overeenstemming met de geldende wettelijke voorschriften en een correcte samenwerking met onderaannemers. Het weigeren om gegevens te verstrekken maakt het bereiken van deze doelen onmogelijk. Alle informatie met betrekking tot specifieke personen of klanten zal worden verwerkt gedurende de looptijd van de overeenkomst en tien jaar na\u00a0het verstrijken ervan, maar niet korter dan vereist door de wet (indien van toepassing) (art. 6 lid 1 lit. b AVG).<\/p>\n<p>\u2013 Gegevens gebruikt voor nieuwsbrieven en marketing: de verwerking van gegevens is vrijwillig. U\u00a0ontvangt informatie uit nieuwsbrieven alleen als u\u00a0zich hebt aangemeld om deze te ontvangen. Persoonsgegevens zullen worden verwerkt voor marketing- en informatiedoeleinden totdat u\u00a0uw toestemming intrekt (art. 6 lid 1 lit. a\u00a0AVG).<\/p>\n<p>\u2013 Informatie over contractanten: de verwerking van gegevens is noodzakelijk om te voldoen aan wettelijke verplichtingen, zoals bijvoorbeeld de wet op de boekhouding, en deze bepalingen vormen de basis voor de verwerking van onze gegevens gedurende zes jaar (volgens de huidige wettelijke bepalingen vijf volledige jaren). Het weigeren om gegevens te verstrekken maakt het sluiten van een overeenkomst onmogelijk (art. 6 lid 1 lit. c AVG).<\/p>\n<p>\u2013 Informatie over onze werknemers en sollicitanten: de verwerking van gegevens is noodzakelijk om te voldoen aan wettelijke verplichtingen, zoals de arbeidswet, en deze bepalingen vormen de basis voor de verwerking van onze gegevens gedurende de wettelijk vereiste periode. Het weigeren om gegevens te verstrekken maakt het sluiten van een overeenkomst onmogelijk (art. 6 lid 1 lit. c AVG). Gegevens over sollicitanten bewaren we dankzij uw verleende toestemming gedurende de looptijd van het wervingsproces. Niettemin, in gevallen waarin u\u00a0ons toestemming hebt gegeven voor toekomstige rekrutering, kunnen we deze gedurende een periode van \u00e9\u00e9n jaar behouden (art. 6 lid 1 lit. a\u00a0AVG).<\/p>\n<p>\u2013<\/p>\n<p>Monitoring: gegevens afkomstig van videobewaking worden verwerkt om personen en eigendommen te beschermen, beschouwd als ons legitieme belang. Alle op deze manier verzamelde gegevens worden gedurende \u00e9\u00e9n maand bewaard (art. 6 lid 1 lit. f AVG).<\/p>\n<p>\u2013 E-mail- of formuliercontact: de verwerking van gegevens is vereist om het leveren van diensten mogelijk te maken, bijvoorbeeld bij het beantwoorden van vragen die via e-mail, sms of telefonisch zijn gesteld. Het verstrekken van persoonsgegevens is vrijwillig (art. 6 lid 1 lit. a\u00a0AVG).<\/p>\n<\/div>\n<\/div>\n<div class=\"elementor-element elementor-element-8fb3e99 elementor-widget elementor-widget-heading\" data-id=\"8fb3e99\" data-element_type=\"widget\" data-widget_type=\"heading.default\">\n<div class=\"elementor-widget-container\">\n<h2 class=\"elementor-heading-title elementor-size-default\">BELEID VOOR HET GEBRUIK VAN COOKIES<\/h2>\n<\/div>\n<\/div>\n<div class=\"elementor-element elementor-element-aa0b207 elementor-widget elementor-widget-text-editor\" data-id=\"aa0b207\" data-element_type=\"widget\" data-widget_type=\"text-editor.default\">\n<div class=\"elementor-widget-container\">\n<p>Op de website van de beheerder worden zogenaamde cookies gebruikt (speciale bestanden afkomstig van een bepaalde website die worden vastgelegd en opgeslagen door de specifieke webbrowser), die vervolgens bijvoorbeeld worden opgeslagen op de harde schijf van de gebruiker of in het geheugen van het apparaat. Dit type bestanden dient onder andere om de navigatie op de door de beheerder beheerde website te vergemakkelijken en kan ook worden gebruikt om de specifieke voorkeuren van de gebruiker binnen onze website beter te onthouden. We informeren u\u00a0dat het mogelijk is om deze bestanden van de harde schijf te verwijderen of het opslaan ervan te blokkeren. De manier waarop dergelijke wijzigingen worden doorgevoerd, is afhankelijk van de gebruikte webbrowser; de wijzigingen kunnen worden aangebracht door de instellingen van de webbrowser of het gebruikte apparaat dienovereenkomstig te configureren. Het niet wijzigen van de genoemde instellingen wordt ge\u00efnterpreteerd als de instemming van de gebruiker met het accepteren van cookies. Het is echter belangrijk op te merken dat het blokkeren van het opslaan van cookies het gebruik van bepaalde functies van de website kan bemoeilijken of zelfs volledig kan voorkomen. In zijn website maakt de beheerder gebruik van cookie-technologie om informatie over het gedrag van de gebruiker te registreren. De verzamelde gegevens worden geprofileerd en gebruikt voor doeleinden zoals het maken van zogenaamde gepersonaliseerde advertenties door de beheerder en het opstellen van demografische rapporten. De beheerder maakt hiervoor onder andere gebruik van het hulpmiddel Google Analytics om het verkeer op de Yetiz-website te volgen.<\/p>\n<\/div>\n<\/div>\n<div class=\"elementor-element elementor-element-26bdecc elementor-widget elementor-widget-heading\" data-id=\"26bdecc\" data-element_type=\"widget\" data-widget_type=\"heading.default\">\n<div class=\"elementor-widget-container\">\n<h2 class=\"elementor-heading-title elementor-size-default\">BELEID MET BETREKKING TOT HET GEBRUIK VAN PROFILING<\/h2>\n<\/div>\n<\/div>\n<div class=\"elementor-element elementor-element-c951849 elementor-widget elementor-widget-text-editor\" data-id=\"c951849\" data-element_type=\"widget\" data-widget_type=\"text-editor.default\">\n<div class=\"elementor-widget-container\">\n<p>\u2022 De beheerder informeert dat hij profilering kan gebruiken voor marketingdoeleinden, maar dat de beslissingen die op basis daarvan door de beheerder worden genomen, geen betrekking hebben op het sluiten of weigeren van het sluiten van een overeenkomst of het uitvoeren van een bestelling.<br \/>\n\u2022 Het resultaat van het gebruik van profilering op de website kan bijvoorbeeld zijn dat er een korting wordt toegekend of dat er aankoopvoorstellen worden verzonden die overeenkomen met de voorkeuren van een bepaalde persoon. In elk geval neemt de betrokken persoon de beslissing of hij of zij van de ontvangen voorstellen gebruik wil maken.<\/p>\n<\/div>\n<\/div>\n<div class=\"elementor-element elementor-element-40b8fe5 elementor-widget elementor-widget-heading\" data-id=\"40b8fe5\" data-element_type=\"widget\" data-widget_type=\"heading.default\">\n<div class=\"elementor-widget-container\">\n<h2 class=\"elementor-heading-title elementor-size-default\">PERSOONLIJKE INFORMATIE DELEN<\/h2>\n<\/div>\n<\/div>\n<div class=\"elementor-element elementor-element-c3ef26f elementor-widget elementor-widget-text-editor\" data-id=\"c3ef26f\" data-element_type=\"widget\" data-widget_type=\"text-editor.default\">\n<div class=\"elementor-widget-container\">\n<p>Osobowe gegevens kunnen worden doorgegeven aan de volgende categorie\u00ebn ontvangers:<br \/>\n\u2022 gemachtigde medewerkers en samenwerkingspartners van de beheerder, evenals aan entiteiten die persoonsgegevens namens de beheerder verwerken, zoals IT-serviceproviders, boekhoud- en juridische adviesbureaus, uitsluitend op basis van een passende overeenkomst;<br \/>\n\u2022 koeriers, vervoerders, transportbedrijven die betrokken zijn bij het verzendproces \u2013 in de mate die nodig is om de bestelling voor de klant uit te voeren;<br \/>\n\u2022 entiteiten die technische of organisatorische ondersteuning verlenen en entiteiten die gemachtigd zijn op basis van wettelijke voorschriften.<\/p>\n<p>In elk van de genoemde gevallen streven we ernaar ervoor te zorgen dat de door ons bewaarde gegevens actueel en correct zijn, en met het oog op uw privacy minimaliseren we alle informatie die persoonsgegevens vormt tot het niveau dat nodig is voor hun juiste verwerking.<\/p>\n<\/div>\n<\/div>\n<div class=\"elementor-element elementor-element-e6bfb6b elementor-widget elementor-widget-heading\" data-id=\"e6bfb6b\" data-element_type=\"widget\" data-widget_type=\"heading.default\">\n<div class=\"elementor-widget-container\">\n<h2 class=\"elementor-heading-title elementor-size-default\">RECHTEN VAN PERSONEN MET BETREKKING TOT PERSOONSGEGEVENS<\/h2>\n<\/div>\n<\/div>\n<div class=\"elementor-element elementor-element-3f23ba4 elementor-widget elementor-widget-text-editor\" data-id=\"3f23ba4\" data-element_type=\"widget\" data-widget_type=\"text-editor.default\">\n<div class=\"elementor-widget-container\">\n<p>Op elk stadium van de gegevensverwerking door ons heeft u\u00a0het recht om:<br \/>\n\u2013 toegang te hebben tot uw gegevens, inclusief informatie over de reikwijdte van de door ons verwerkte gegevens en het verkrijgen van een kopie van deze gegevens;<br \/>\n\u2013 wijziging en correctie van uw gegevens, inclusief als er geen andere wettelijke beperkingen zijn voor het beperken van hun verwerkingsomvang;<br \/>\n\u2013 volledige verwijdering van uw gegevens (\u201erecht om vergeten te worden\u201d), als er geen andere wettelijke beperkingen zijn;<br \/>\n\u2013 niet onderworpen te zijn aan geautomatiseerde beslissingen op basis van profilering;<br \/>\n\u2013 bezwaar te maken tegen de onjuiste verwerking van persoonsgegevens (inclusief intrekking van toestemming op elk moment zonder afbreuk te doen aan de rechtmatigheid van de verwerking op basis van toestemming v\u00f3\u00f3r de intrekking);<br \/>\n\u2013 gegevensoverdracht naar een andere Gegevensbeheerder, als de gegevens worden verwerkt op basis van verleende toestemming of een gesloten overeenkomst;<br \/>\n\u2013 een klacht in te dienen. Een klacht over de verwerking van persoonsgegevens kan worden ingediend bij de toezichthoudende autoriteit voor gegevensbescherming. In de Republiek Polen is de toezichthoudende autoriteit de President van het Bureau voor de bescherming van persoonsgegevens.<\/p>\n<p>Om ervoor te zorgen dat uw verzoeken correct worden afgehandeld en met de vereiste zorg worden behandeld, kunt u\u00a0een verzoek indienen om uw rechten uit te oefenen door correspondentie te sturen naar biuro@yetiz.pl. Elk door u\u00a0ingediend verzoek wordt individueel behandeld en in overeenstemming met de geldende wettelijke bepalingen. Houd er rekening mee dat het gebruikmaken van een specifiek recht afhankelijk kan zijn van de wettelijke grondslag die wordt gebruikt voor een strikt omschreven doel van de verwerking van uw gegevens, en bijvoorbeeld of de verwerking van gegevens niet afhankelijk is van de uitvoering van een overeenkomst of dienst. Uw verzoeken worden zonder onnodige vertraging behandeld, uiterlijk binnen \u00e9\u00e9n maand na\u00a0ontvangst ervan. Het is echter mogelijk dat, gezien de aard van het verzoek, we mogelijk niet in staat zijn om deze termijn te handhaven; in dat geval wordt u\u00a0op de hoogte gesteld van de vertraging en de redenen ervan. Op vergelijkbare wijze zullen we u\u00a0informeren over de redenen van weigering om het verzoek te accepteren en uit te voeren als dergelijke omstandigheden zich voordoen. We herinneren u\u00a0eraan dat het eerste verzoek kosteloos wordt behandeld, maar in gevallen waarin uw verzoeken ongegrond of buitensporig zijn, behouden we ons het recht voor om kosten in rekening te brengen voor het verstrekken van informatie. U\u00a0wordt onmiddellijk op de hoogte gebracht van de hoogte van het tarief of andere redenen waarom we mogelijk niet in staat zijn om uw verzoek uit te voeren. Bovendien behouden we ons het recht voor om de wijze van verstrekking van informatie te wijzigen als we u\u00a0niet correct kunnen identificeren als geautoriseerde personen om de gegevens te ontvangen. In geval van uitoefening van het recht op<\/p>\n<p>ging zal de Gegevensbeheerder zonder onnodige vertraging en in ieder geval binnen \u00e9\u00e9n maand na\u00a0ontvangst van het verzoek de betrokken persoon informeren over de beslissing met betrekking tot de mogelijkheid van gegevensoverdracht.<\/p>\n<p>\u2014<\/p>\n<p>Ga voor meer informatie of om uw rechten uit te oefenen in overeenstemming met de wetgeving inzake gegevensbescherming naar het volgende adres: biuro@yetiz.pl.<\/p>\n<\/div>\n<\/div>\n<div class=\"elementor-element elementor-element-69347c9 elementor-widget elementor-widget-heading\" data-id=\"69347c9\" data-element_type=\"widget\" data-widget_type=\"heading.default\">\n<div class=\"elementor-widget-container\">\n<h2 class=\"elementor-heading-title elementor-size-default\">Extra informatie<\/h2>\n<\/div>\n<\/div>\n<div class=\"elementor-element elementor-element-92c2926 elementor-widget elementor-widget-text-editor\" data-id=\"92c2926\" data-element_type=\"widget\" data-widget_type=\"text-editor.default\">\n<div class=\"elementor-widget-container\">\n<div id=\"primary\" class=\"content-area\">\n<p>Dit Privacybeleid is van kracht vanaf 25 mei 2018 en blijft van kracht tot nader order, en voldoet aan de wettelijke verplichting op grond van artikelen 13-14 van de AVG. We behouden ons het recht voor om wijzigingen aan te brengen in het geldende beleid, altijd met het doel om de kwaliteit van onze dienstverlening te verbeteren en met respect voor uw rechten en privacy.<\/p>\n<p>Heel erg bedankt voor het doornemen van ons privacybeleid.<br \/>\nYetiz Interactive Sp. z\u00a0o.o.<\/p>\n<\/div>\n<\/div>\n<\/div>\n            <\/div>\n        <\/div>\n    <\/div>\n<\/div>","protected":false},"excerpt":{"rendered":"","protected":false},"author":1,"featured_media":0,"parent":0,"menu_order":0,"comment_status":"closed","ping_status":"open","template":"","meta":{"_acf_changed":false,"footnotes":""},"class_list":["post-5389","page","type-page","status-publish","hentry"],"acf":[],"_links":{"self":[{"href":"https:\/\/yetiz.dev.yetiz.pl\/nl\/wp-json\/wp\/v2\/pages\/5389","targetHints":{"allow":["GET"]}}],"collection":[{"href":"https:\/\/yetiz.dev.yetiz.pl\/nl\/wp-json\/wp\/v2\/pages"}],"about":[{"href":"https:\/\/yetiz.dev.yetiz.pl\/nl\/wp-json\/wp\/v2\/types\/page"}],"author":[{"embeddable":true,"href":"https:\/\/yetiz.dev.yetiz.pl\/nl\/wp-json\/wp\/v2\/users\/1"}],"replies":[{"embeddable":true,"href":"https:\/\/yetiz.dev.yetiz.pl\/nl\/wp-json\/wp\/v2\/comments?post=5389"}],"version-history":[{"count":4,"href":"https:\/\/yetiz.dev.yetiz.pl\/nl\/wp-json\/wp\/v2\/pages\/5389\/revisions"}],"predecessor-version":[{"id":5867,"href":"https:\/\/yetiz.dev.yetiz.pl\/nl\/wp-json\/wp\/v2\/pages\/5389\/revisions\/5867"}],"wp:attachment":[{"href":"https:\/\/yetiz.dev.yetiz.pl\/nl\/wp-json\/wp\/v2\/media?parent=5389"}],"curies":[{"name":"wp","href":"https:\/\/api.w.org\/{rel}","templated":true}]}}